{"id":168,"date":"2018-06-19T13:42:19","date_gmt":"2018-06-19T18:42:19","guid":{"rendered":"https:\/\/anaguayabapasteleria.com\/?product=assorted-coffee"},"modified":"2025-09-19T15:35:23","modified_gmt":"2025-09-19T20:35:23","slug":"assorted-coffee","status":"publish","type":"product","link":"https:\/\/anaguayabapasteleria.com\/?product=assorted-coffee","title":{"rendered":"Torta de Almoj\u00e1bana"},"content":{"rendered":"","protected":false},"excerpt":{"rendered":"<p>Sum\u00e9rgete en la tradici\u00f3n y el sabor aut\u00e9ntico con nuestra torta de almojabana. El queso derretido y la textura suave se entrelazan en este cl\u00e1sico colombiano, transport\u00e1ndote a la calidez de las cocinas familiares. Cada bocado es un abrazo de indulgencia que te conecta con la herencia y el placer de lo casero.<\/p>\n","protected":false},"featured_media":5499,"comment_status":"open","ping_status":"closed","template":"","meta":{"_monsterinsights_skip_tracking":false,"_monsterinsights_sitenote_active":false,"_monsterinsights_sitenote_note":"","_monsterinsights_sitenote_category":0,"site-sidebar-layout":"default","site-content-layout":"default","ast-global-header-display":"","ast-banner-title-visibility":"","ast-main-header-display":"","ast-hfb-above-header-display":"","ast-hfb-below-header-display":"","ast-hfb-mobile-header-display":"","site-post-title":"","ast-breadcrumbs-content":"","ast-featured-img":"","footer-sml-layout":"","theme-transparent-header-meta":"default","adv-header-id-meta":"","stick-header-meta":"","header-above-stick-meta":"","header-main-stick-meta":"","header-below-stick-meta":""},"product_cat":[27,28,36],"product_tag":[],"aioseo_notices":[],"_links":{"self":[{"href":"https:\/\/anaguayabapasteleria.com\/index.php?rest_route=\/wp\/v2\/product\/168"}],"collection":[{"href":"https:\/\/anaguayabapasteleria.com\/index.php?rest_route=\/wp\/v2\/product"}],"about":[{"href":"https:\/\/anaguayabapasteleria.com\/index.php?rest_route=\/wp\/v2\/types\/product"}],"replies":[{"embeddable":true,"href":"https:\/\/anaguayabapasteleria.com\/index.php?rest_route=%2Fwp%2Fv2%2Fcomments&post=168"}],"wp:featuredmedia":[{"embeddable":true,"href":"https:\/\/anaguayabapasteleria.com\/index.php?rest_route=\/wp\/v2\/media\/5499"}],"wp:attachment":[{"href":"https:\/\/anaguayabapasteleria.com\/index.php?rest_route=%2Fwp%2Fv2%2Fmedia&parent=168"}],"wp:term":[{"taxonomy":"product_cat","embeddable":true,"href":"https:\/\/anaguayabapasteleria.com\/index.php?rest_route=%2Fwp%2Fv2%2Fproduct_cat&post=168"},{"taxonomy":"product_tag","embeddable":true,"href":"https:\/\/anaguayabapasteleria.com\/index.php?rest_route=%2Fwp%2Fv2%2Fproduct_tag&post=168"}],"curies":[{"name":"wp","href":"https:\/\/api.w.org\/{rel}","templated":true}]}}