{"id":170,"date":"2018-06-19T13:45:22","date_gmt":"2018-06-19T18:45:22","guid":{"rendered":"https:\/\/anaguayabapasteleria.com\/?product=natural-extracted-olive-oil"},"modified":"2025-07-26T23:05:01","modified_gmt":"2025-07-27T04:05:01","slug":"natural-extracted-olive-oil","status":"publish","type":"product","link":"https:\/\/anaguayabapasteleria.com\/?product=natural-extracted-olive-oil","title":{"rendered":"Mermelada 130 ML"},"content":{"rendered":"","protected":false},"excerpt":{"rendered":"<p>Sum\u00e9rgete en un mundo de sabores aut\u00e9nticos con nuestra mermelada. Cada frasco es una explosi\u00f3n de frutas cuidadosamente seleccionadas y cocidas a la perfecci\u00f3n, capturando la esencia de la naturaleza en su forma m\u00e1s dulce.<\/p>\n","protected":false},"featured_media":5511,"comment_status":"open","ping_status":"closed","template":"","meta":{"_monsterinsights_skip_tracking":false,"_monsterinsights_sitenote_active":false,"_monsterinsights_sitenote_note":"","_monsterinsights_sitenote_category":0,"site-sidebar-layout":"default","site-content-layout":"default","ast-global-header-display":"","ast-banner-title-visibility":"","ast-main-header-display":"","ast-hfb-above-header-display":"","ast-hfb-below-header-display":"","ast-hfb-mobile-header-display":"","site-post-title":"","ast-breadcrumbs-content":"","ast-featured-img":"","footer-sml-layout":"","theme-transparent-header-meta":"default","adv-header-id-meta":"","stick-header-meta":"","header-above-stick-meta":"","header-main-stick-meta":"","header-below-stick-meta":""},"product_cat":[37,27,28],"product_tag":[],"aioseo_notices":[],"_links":{"self":[{"href":"https:\/\/anaguayabapasteleria.com\/index.php?rest_route=\/wp\/v2\/product\/170"}],"collection":[{"href":"https:\/\/anaguayabapasteleria.com\/index.php?rest_route=\/wp\/v2\/product"}],"about":[{"href":"https:\/\/anaguayabapasteleria.com\/index.php?rest_route=\/wp\/v2\/types\/product"}],"replies":[{"embeddable":true,"href":"https:\/\/anaguayabapasteleria.com\/index.php?rest_route=%2Fwp%2Fv2%2Fcomments&post=170"}],"wp:featuredmedia":[{"embeddable":true,"href":"https:\/\/anaguayabapasteleria.com\/index.php?rest_route=\/wp\/v2\/media\/5511"}],"wp:attachment":[{"href":"https:\/\/anaguayabapasteleria.com\/index.php?rest_route=%2Fwp%2Fv2%2Fmedia&parent=170"}],"wp:term":[{"taxonomy":"product_cat","embeddable":true,"href":"https:\/\/anaguayabapasteleria.com\/index.php?rest_route=%2Fwp%2Fv2%2Fproduct_cat&post=170"},{"taxonomy":"product_tag","embeddable":true,"href":"https:\/\/anaguayabapasteleria.com\/index.php?rest_route=%2Fwp%2Fv2%2Fproduct_tag&post=170"}],"curies":[{"name":"wp","href":"https:\/\/api.w.org\/{rel}","templated":true}]}}