{"id":241,"date":"2018-06-20T07:13:55","date_gmt":"2018-06-20T12:13:55","guid":{"rendered":"https:\/\/anaguayabapasteleria.com\/?product=hand-sanitizer"},"modified":"2025-08-28T18:25:43","modified_gmt":"2025-08-28T23:25:43","slug":"hand-sanitizer","status":"publish","type":"product","link":"https:\/\/anaguayabapasteleria.com\/?product=hand-sanitizer","title":{"rendered":"Tarro de galletas 345 g"},"content":{"rendered":"","protected":false},"excerpt":{"rendered":"<p>Abre este tarro de galletas de 345 g y despierta tus sentidos con una selecci\u00f3n de peque\u00f1as delicias horneadas a la perfecci\u00f3n.<\/p>\n","protected":false},"featured_media":5506,"comment_status":"open","ping_status":"closed","template":"","meta":{"_monsterinsights_skip_tracking":false,"_monsterinsights_sitenote_active":false,"_monsterinsights_sitenote_note":"","_monsterinsights_sitenote_category":0,"site-sidebar-layout":"default","site-content-layout":"default","ast-global-header-display":"","ast-banner-title-visibility":"","ast-main-header-display":"","ast-hfb-above-header-display":"","ast-hfb-below-header-display":"","ast-hfb-mobile-header-display":"","site-post-title":"","ast-breadcrumbs-content":"","ast-featured-img":"","footer-sml-layout":"","theme-transparent-header-meta":"default","adv-header-id-meta":"","stick-header-meta":"","header-above-stick-meta":"","header-main-stick-meta":"","header-below-stick-meta":""},"product_cat":[38,27],"product_tag":[],"aioseo_notices":[],"_links":{"self":[{"href":"https:\/\/anaguayabapasteleria.com\/index.php?rest_route=\/wp\/v2\/product\/241"}],"collection":[{"href":"https:\/\/anaguayabapasteleria.com\/index.php?rest_route=\/wp\/v2\/product"}],"about":[{"href":"https:\/\/anaguayabapasteleria.com\/index.php?rest_route=\/wp\/v2\/types\/product"}],"replies":[{"embeddable":true,"href":"https:\/\/anaguayabapasteleria.com\/index.php?rest_route=%2Fwp%2Fv2%2Fcomments&post=241"}],"wp:featuredmedia":[{"embeddable":true,"href":"https:\/\/anaguayabapasteleria.com\/index.php?rest_route=\/wp\/v2\/media\/5506"}],"wp:attachment":[{"href":"https:\/\/anaguayabapasteleria.com\/index.php?rest_route=%2Fwp%2Fv2%2Fmedia&parent=241"}],"wp:term":[{"taxonomy":"product_cat","embeddable":true,"href":"https:\/\/anaguayabapasteleria.com\/index.php?rest_route=%2Fwp%2Fv2%2Fproduct_cat&post=241"},{"taxonomy":"product_tag","embeddable":true,"href":"https:\/\/anaguayabapasteleria.com\/index.php?rest_route=%2Fwp%2Fv2%2Fproduct_tag&post=241"}],"curies":[{"name":"wp","href":"https:\/\/api.w.org\/{rel}","templated":true}]}}